{"id":149,"date":"2023-05-11T09:37:22","date_gmt":"2023-05-11T09:37:22","guid":{"rendered":"https:\/\/elektriliit.ee\/et\/?page_id=149"},"modified":"2024-02-01T00:24:37","modified_gmt":"2024-02-01T00:24:37","slug":"kontakt","status":"publish","type":"page","link":"https:\/\/elektriliit.ee\/et\/kontakt\/","title":{"rendered":"Kontakt"},"content":{"rendered":"\n<p><strong>Eesti Elektrit\u00f6\u00f6stuse Liit<\/strong><br>Lelle 22, 11318 Tallinn<br>e-post:&nbsp;<a href=\"m&#97;&#105;&#108;&#116;o:i&#110;f&#111;&#64;el&#101;&#107;&#116;&#114;&#105;&#108;&#105;&#105;t.e&#101;\">i&#110;f&#111;&#64;&#101;l&#101;ktr&#105;&#108;&#105;it.ee<\/a><\/p>\n\n\n\n<p><\/p>\n\n\n\n<p><strong>T\u00f5nis Vare<\/strong><br>tegevjuht<br>Telefon: +372 58 60 5357<br>e-post:&nbsp;<a href=\"mai&#108;t&#111;:&#116;o&#110;i&#115;&#46;&#118;&#97;&#114;e&#64;&#101;lektri&#108;i&#105;t.&#101;&#101;\">&#116;&#111;nis&#46;&#118;&#97;&#114;&#101;&#64;el&#101;&#107;&#116;ril&#105;&#105;t&#46;&#101;&#101;<\/a><\/p>\n\n\n\n<p><\/p>\n\n\n\n<p><\/p>\n","protected":false},"excerpt":{"rendered":"<p>Eesti Elektrit\u00f6\u00f6stuse LiitLelle 22, 11318 Tallinne-post:&nbsp;&#105;n&#102;&#111;&#64;&#101;&#108;e&#107;tr&#105;&#108;iit.e&#101; T\u00f5nis VaretegevjuhtTelefon: +372 58 60 5357e-post:&nbsp;to&#110;&#105;&#115;&#46;va&#114;e&#64;&#101;&#108;&#101;&#107;t&#114;&#105;&#108;i&#105;&#116;.e&#101;<\/p>\n","protected":false},"author":1,"featured_media":0,"parent":0,"menu_order":0,"comment_status":"closed","ping_status":"closed","template":"","meta":{"_acf_changed":false,"footnotes":""},"class_list":["post-149","page","type-page","status-publish","hentry"],"acf":[],"_links":{"self":[{"href":"https:\/\/elektriliit.ee\/et\/wp-json\/wp\/v2\/pages\/149","targetHints":{"allow":["GET"]}}],"collection":[{"href":"https:\/\/elektriliit.ee\/et\/wp-json\/wp\/v2\/pages"}],"about":[{"href":"https:\/\/elektriliit.ee\/et\/wp-json\/wp\/v2\/types\/page"}],"author":[{"embeddable":true,"href":"https:\/\/elektriliit.ee\/et\/wp-json\/wp\/v2\/users\/1"}],"replies":[{"embeddable":true,"href":"https:\/\/elektriliit.ee\/et\/wp-json\/wp\/v2\/comments?post=149"}],"version-history":[{"count":4,"href":"https:\/\/elektriliit.ee\/et\/wp-json\/wp\/v2\/pages\/149\/revisions"}],"predecessor-version":[{"id":1042,"href":"https:\/\/elektriliit.ee\/et\/wp-json\/wp\/v2\/pages\/149\/revisions\/1042"}],"wp:attachment":[{"href":"https:\/\/elektriliit.ee\/et\/wp-json\/wp\/v2\/media?parent=149"}],"curies":[{"name":"wp","href":"https:\/\/api.w.org\/{rel}","templated":true}]}}