{"id":154,"date":"2023-05-11T09:40:32","date_gmt":"2023-05-11T09:40:32","guid":{"rendered":"https:\/\/elektriliit.ee\/et\/?page_id=154"},"modified":"2026-03-26T14:42:01","modified_gmt":"2026-03-26T14:42:01","slug":"organisatsioon","status":"publish","type":"page","link":"https:\/\/elektriliit.ee\/et\/elektritoostuse-liit\/organisatsioon\/","title":{"rendered":"Liidu liikmed"},"content":{"rendered":"\n<div class=\"wp-block-columns is-layout-flex wp-container-core-columns-is-layout-9d6595d7 wp-block-columns-is-layout-flex\">\n<div class=\"wp-block-column is-layout-flow wp-block-column-is-layout-flow\">\n<p><strong>Graanul Invest AS<\/strong><\/p>\n\n\n\n<p>Humala tn 2,&nbsp;10617 Tallinn<\/p>\n\n\n\n<p>Telefon: +372 669 9870<\/p>\n\n\n\n<p>E-post:&nbsp;<a href=\"m&#97;&#105;l&#116;&#111;&#58;&#99;&#111;&#110;t&#97;&#99;t.&#99;&#101;&#110;ter&#64;&#101;&#101;.abb.&#99;&#111;&#109;\">info&#64;g&#114;&#97;a&#110;u&#108;&#105;&#110;&#118;&#101;&#115;t&#46;&#101;e<\/a><\/p>\n\n\n\n<p>Esindaja: Jaano Haidla<\/p>\n\n\n\n<p>Kodulehek\u00fclg:\u00a0<a href=\"https:\/\/graanulinvest.com\/et\/\">www.graanulinvest.com<\/a><\/p>\n<\/div>\n\n\n\n<div class=\"wp-block-column is-layout-flow wp-block-column-is-layout-flow\">\n<p><strong>Connecto Eesti AS<\/strong><\/p>\n\n\n\n<p>Tuisu 19,&nbsp;11314 Tallinn<\/p>\n\n\n\n<p>Telefon: +372 606 3100&nbsp;<\/p>\n\n\n\n<p>E-post:&nbsp;<a href=\"&#109;ailt&#111;&#58;i&#110;&#102;&#111;&#64;co&#110;n&#101;&#99;t&#111;.&#101;e\">&#105;nf&#111;&#64;&#99;&#111;nn&#101;&#99;&#116;o&#46;e&#101;<\/a><\/p>\n\n\n\n<p>Esindaja Janek Sulev<\/p>\n\n\n\n<p>Kodulehek\u00fclg:&nbsp;<a href=\"https:\/\/www.connecto.ee\/\">www.connecto.ee<\/a><\/p>\n<\/div>\n\n\n\n<div class=\"wp-block-column is-layout-flow wp-block-column-is-layout-flow\">\n<p><strong>Eesti Biok\u00fctuste \u00dching<\/strong><\/p>\n\n\n\n<p>Punane 36, 13619 Tallinn<\/p>\n\n\n\n<p>Telefon: +372&nbsp;553 2910<\/p>\n\n\n\n<p>E-post:&nbsp;<a href=\"mail&#116;o&#58;e&#98;&#121;&#64;on&#108;i&#110;&#101;.ee\">e&#98;&#121;&#64;&#111;&#110;l&#105;n&#101;.e&#101;<\/a><\/p>\n\n\n\n<p>Esindaja \u00dclo Kask<\/p>\n\n\n\n<p>Kodulehek\u00fclg:&nbsp;<a href=\"http:\/\/www.eby.ee\/\">www.eby.ee<\/a><\/p>\n<\/div>\n<\/div>\n\n\n\n<div class=\"wp-block-columns is-layout-flex wp-container-core-columns-is-layout-9d6595d7 wp-block-columns-is-layout-flex\">\n<div class=\"wp-block-column is-layout-flow wp-block-column-is-layout-flow\">\n<p><strong>Elenger AS<\/strong><\/p>\n\n\n\n<p>Liivalaia 9, 10118 Tallinn<\/p>\n\n\n\n<p>Telefon: +372&nbsp;630 3003<\/p>\n\n\n\n<p>E-post:&nbsp;<a href=\"mail&#116;&#111;&#58;&#105;&#110;&#102;o&#64;&#103;a&#97;s.e&#101;\">i&#110;f&#111;&#64;&#101;&#108;&#101;n&#103;&#101;&#114;&#46;ee<\/a><\/p>\n\n\n\n<p>Esindaja Margus Kaasik<\/p>\n\n\n\n<p>Kodulehek\u00fclg:&nbsp;<a href=\"http:\/\/www.gaas.ee\/\">www.elenger.ee<\/a><\/p>\n<\/div>\n\n\n\n<div class=\"wp-block-column is-layout-flow wp-block-column-is-layout-flow\">\n<p><strong>Eesti Energia AS<\/strong><\/p>\n\n\n\n<p>Lelle tn. 22, 11318 Tallinn<\/p>\n\n\n\n<p>Telefon: +372 46 52 222&nbsp;<\/p>\n\n\n\n<p>E-post:&nbsp;<a href=\"m&#97;&#105;lt&#111;:i&#110;fo&#64;e&#110;e&#114;&#103;ia.&#101;&#101;\">&#105;nf&#111;&#64;ener&#103;ia.&#101;e<\/a><\/p>\n\n\n\n<p>Esindaja Andrus Durejko<\/p>\n\n\n\n<p>Kodulehek\u00fclg:&nbsp;<a href=\"http:\/\/www.energia.ee\/\" target=\"_blank\" rel=\"noreferrer noopener\">www.energia.ee<\/a><\/p>\n<\/div>\n\n\n\n<div class=\"wp-block-column is-layout-flow wp-block-column-is-layout-flow\">\n<p><strong>Eesti Tuuleenergia Assotsiatsioon<\/strong><\/p>\n\n\n\n<p>Lelle 22, 11318 Tallinn<\/p>\n\n\n\n<p>Telefon: +372 510 3933&nbsp;<\/p>\n\n\n\n<p>E-post:&nbsp;<a href=\"m&#97;ilto:i&#110;fo&#64;en&#101;&#114;gi&#97;&#46;ee\">in&#102;o&#64;&#116;&#117;ule&#101;&#110;er&#103;&#105;&#97;&#46;&#101;e<\/a><\/p>\n\n\n\n<p>Esindaja Juhan Aguraiuja<\/p>\n\n\n\n<p>Kodulehek\u00fclg:&nbsp;<a href=\"http:\/\/www.tuuleenergia.ee\/\" target=\"_blank\" rel=\"noreferrer noopener\">www.tuuuleenergia.ee<\/a><\/p>\n<\/div>\n<\/div>\n\n\n\n<div class=\"wp-block-columns is-layout-flex wp-container-core-columns-is-layout-9d6595d7 wp-block-columns-is-layout-flex\">\n<div class=\"wp-block-column is-layout-flow wp-block-column-is-layout-flow\">\n<p><strong>Elektrilevi O\u00dc<\/strong><\/p>\n\n\n\n<p>Kadaka tee 63, 12915 Tallinn<\/p>\n\n\n\n<p>Tel: +372 715 4230&nbsp;<\/p>\n\n\n\n<p>E-post:&nbsp;<a href=\"&#109;a&#105;&#108;&#116;o:in&#102;&#111;&#64;&#101;&#109;&#112;owe&#114;.&#101;e\">&#101;&#108;&#101;k&#116;&#114;il&#101;&#118;&#105;&#64;&#101;&#108;ekt&#114;&#105;&#108;&#101;v&#105;.&#101;&#101;<\/a><\/p>\n\n\n\n<p>Esindaja Mihkel H\u00e4rm<\/p>\n\n\n\n<p>Kodulehek\u00fclg:&nbsp;<a href=\"http:\/\/www.elektrilevi.ee\/\" target=\"_blank\" rel=\"noreferrer noopener\">www.elektrilevi.ee<\/a><\/p>\n<\/div>\n\n\n\n<div class=\"wp-block-column is-layout-flow wp-block-column-is-layout-flow\">\n<p><strong>Enersense AS<\/strong><\/p>\n\n\n\n<p>L\u00f5\u00f5tsa 12, 11415 Tallinn<\/p>\n\n\n\n<p>Telefon: +372 663 5600&nbsp;<\/p>\n\n\n\n<p>E-post:&nbsp;<a href=\"m&#97;il&#116;&#111;&#58;&#105;&#110;&#102;&#111;&#64;&#101;&#109;po&#119;e&#114;.ee\">&#105;n&#102;o.&#101;&#101;&#64;&#101;&#110;&#101;rs&#101;n&#115;&#101;.com<\/a><\/p>\n\n\n\n<p>Esindaja Jaanis J\u00e4rvet<\/p>\n\n\n\n<p>Kodulehek\u00fclg:&nbsp;<a href=\"http:\/\/www.empower.ee\/\">www.enersense.ee<\/a><\/p>\n<\/div>\n\n\n\n<div class=\"wp-block-column is-layout-flow wp-block-column-is-layout-flow\">\n<p><strong>Enefit Power AS<\/strong><\/p>\n\n\n\n<p>Auvere k\u00fcla, Narva-J\u00f5esuu linn,&nbsp;40107 Ida-Virumaa<\/p>\n\n\n\n<p>Tel: +372 46 62 222&nbsp;<\/p>\n\n\n\n<p>E-post:&nbsp;<a href=\"m&#97;&#105;&#108;t&#111;&#58;n&#101;j&#64;en&#101;r&#103;&#105;a.&#101;e\">&#112;&#111;w&#101;r&#64;&#101;&#110;efi&#116;.c&#111;&#109;<\/a><\/p>\n\n\n\n<p>Esindaja Raine Pajo<\/p>\n\n\n\n<p>Kodulehek\u00fclg: <a href=\"https:\/\/industry.enefit.com\/et\">https:\/\/industry.enefit.com\/et<\/a><\/p>\n<\/div>\n<\/div>\n\n\n\n<div class=\"wp-block-columns is-layout-flex wp-container-core-columns-is-layout-9d6595d7 wp-block-columns-is-layout-flex\">\n<div class=\"wp-block-column is-layout-flow wp-block-column-is-layout-flow\">\n<p><strong>Estonian Cell AS<\/strong><\/p>\n\n\n\n<p>Jaama 21,&nbsp;44106 Kunda<\/p>\n\n\n\n<p>Telefon: +372 687 0000<\/p>\n\n\n\n<p>E-post:&nbsp;<a href=\"m&#97;i&#108;t&#111;:&#105;n&#102;&#111;&#64;&#101;&#115;&#116;o&#110;i&#97;nc&#101;&#108;&#108;.&#101;e\">i&#110;&#102;&#111;&#64;es&#116;&#111;&#110;&#105;an&#99;e&#108;&#108;&#46;ee<\/a><\/p>\n\n\n\n<p>Esindaja: Meelis Kuzma<\/p>\n\n\n\n<p>Kodulehek\u00fclg:&nbsp;<a href=\"http:\/\/www.estoniancell.ee\/\">www.estoniancell.ee<\/a><\/p>\n<\/div>\n\n\n\n<div class=\"wp-block-column is-layout-flow wp-block-column-is-layout-flow\">\n<p><strong>Evecon O\u00dc<\/strong><\/p>\n\n\n\n<p>Lossi 3, 93819 Kuressaare<\/p>\n\n\n\n<p>Telefon: +372&nbsp;5648 2552<\/p>\n\n\n\n<p>E-post:&nbsp;<a href=\"&#109;ai&#108;&#116;o&#58;&#105;nf&#111;&#64;&#101;&#118;&#101;c&#111;&#110;.&#101;&#101;\">in&#102;&#111;&#64;&#101;&#118;econ&#46;ee<\/a><\/p>\n\n\n\n<p>Esindaja Karl-Joonatan Kvell<\/p>\n\n\n\n<p>Kodulehek\u00fclg:&nbsp;<a href=\"http:\/\/www.evecon.ee\/\">www.evecon.ee<\/a><\/p>\n<\/div>\n\n\n\n<div class=\"wp-block-column is-layout-flow wp-block-column-is-layout-flow\">\n<p><strong>Naps Solar Estonia O\u00dc<\/strong><\/p>\n\n\n\n<p>Piirim\u00e4e 8 T\u00e4nnasilma k\u00fcla, 76406 Saku vald<\/p>\n\n\n\n<p>Telefon: +372&nbsp;656 6829<\/p>\n\n\n\n<p>E-post:&nbsp;<a href=\"mai&#108;t&#111;&#58;&#105;&#110;&#102;&#111;&#64;na&#112;sso&#108;a&#114;&#46;&#101;e\">i&#110;&#102;o&#64;&#110;a&#112;&#115;&#115;o&#108;&#97;&#114;.ee<\/a><\/p>\n\n\n\n<p>Esindaja Rain Reitmann<\/p>\n\n\n\n<p>Kodulehek\u00fclg:&nbsp;<a href=\"http:\/\/www.napssolar.ee\/\">www.napssolar.ee<\/a><\/p>\n\n\n\n<p><\/p>\n\n\n\n<p><\/p>\n\n\n\n<p><\/p>\n<\/div>\n<\/div>\n\n\n\n<div class=\"wp-block-columns is-layout-flex wp-container-core-columns-is-layout-9d6595d7 wp-block-columns-is-layout-flex\">\n<div class=\"wp-block-column is-layout-flow wp-block-column-is-layout-flow\">\n<p><strong>TE Energy O\u00dc<\/strong><\/p>\n\n\n\n<p>Visase 14, 11415 Tallinn<\/p>\n\n\n\n<p>Telefon: +372 606 4757<\/p>\n\n\n\n<p>E-post:&nbsp;&nbsp;<a href=\"&#109;&#97;il&#116;&#111;:&#105;nfo&#64;&#112;&#97;&#107;ri.ee\">&#105;n&#102;&#111;&#64;&#116;&#101;&#50;.&#101;&#110;e&#114;&#103;y<\/a><\/p>\n\n\n\n<p>Esindaja Jevgeni Garmash<\/p>\n\n\n\n<p>Kodulehek\u00fclg:&nbsp;<a href=\"https:\/\/www.tavrida.com\/\">www.te2.energy<\/a><\/p>\n<\/div>\n\n\n\n<div class=\"wp-block-column is-layout-flow wp-block-column-is-layout-flow\">\n<p><strong>W.EG. Eesti O\u00dc<\/strong><\/p>\n\n\n\n<p>Valukoja 5, 11415 Tallinn<\/p>\n\n\n\n<p>Telefon: +372 671 1900&nbsp;<\/p>\n\n\n\n<p>E-post:&nbsp;<a href=\"m&#97;i&#108;&#116;o:&#105;nf&#111;&#64;weg&#46;e&#101;\">i&#110;fo&#64;weg&#46;e&#101;<\/a><\/p>\n\n\n\n<p>Esindaja Timo Raimla<\/p>\n\n\n\n<p>Kodulehek\u00fclg:&nbsp;<a href=\"http:\/\/www.weg.ee\/\">www.weg.ee<\/a><\/p>\n<\/div>\n\n\n\n<div class=\"wp-block-column is-layout-flow wp-block-column-is-layout-flow\">\n<p><strong>VKG OIL AS<\/strong><\/p>\n\n\n\n<p>J\u00e4rvek\u00fcla tee 14, 30328 Kohtla-J\u00e4rve<\/p>\n\n\n\n<p>Telefon: +372 334 2727&nbsp;<\/p>\n\n\n\n<p>E-post:&nbsp;<a href=\"ma&#105;lt&#111;&#58;in&#102;&#111;&#64;&#118;&#107;&#103;&#46;&#101;e\">&#118;&#107;&#103;&#111;&#105;&#108;&#64;&#118;kg.e&#101;<\/a><\/p>\n\n\n\n<p>Esindaja Ahti Asmann<\/p>\n\n\n\n<p>Kodulehek\u00fclg:&nbsp;<a href=\"http:\/\/www.vkg.ee\/\">www.vkg.ee<\/a><\/p>\n<\/div>\n<\/div>\n\n\n\n<div class=\"wp-block-columns is-layout-flex wp-container-core-columns-is-layout-9d6595d7 wp-block-columns-is-layout-flex\">\n<div class=\"wp-block-column is-layout-flow wp-block-column-is-layout-flow\">\n<p><\/p>\n<\/div>\n\n\n\n<div class=\"wp-block-column is-layout-flow wp-block-column-is-layout-flow\"><\/div>\n\n\n\n<div class=\"wp-block-column is-layout-flow wp-block-column-is-layout-flow\"><\/div>\n<\/div>\n\n\n\n<p><\/p>\n","protected":false},"excerpt":{"rendered":"<p>Graanul Invest AS Humala tn 2,&nbsp;10617 Tallinn Telefon: +372 669 9870 E-post:&nbsp;&#105;nf&#111;&#64;&#103;r&#97;a&#110;&#117;linvest&#46;&#101;e Esindaja: Jaano Haidla Kodulehek\u00fclg:\u00a0www.graanulinvest.com Connecto Eesti AS Tuisu 19,&nbsp;11314 Tallinn Telefon: +372 606 3100&nbsp; E-post:&nbsp;i&#110;fo&#64;c&#111;&#110;n&#101;cto.&#101;e Esindaja Janek Sulev &#8230;<\/p>\n","protected":false},"author":1,"featured_media":0,"parent":137,"menu_order":0,"comment_status":"closed","ping_status":"closed","template":"","meta":{"_acf_changed":false,"footnotes":""},"class_list":["post-154","page","type-page","status-publish","hentry"],"acf":[],"_links":{"self":[{"href":"https:\/\/elektriliit.ee\/et\/wp-json\/wp\/v2\/pages\/154","targetHints":{"allow":["GET"]}}],"collection":[{"href":"https:\/\/elektriliit.ee\/et\/wp-json\/wp\/v2\/pages"}],"about":[{"href":"https:\/\/elektriliit.ee\/et\/wp-json\/wp\/v2\/types\/page"}],"author":[{"embeddable":true,"href":"https:\/\/elektriliit.ee\/et\/wp-json\/wp\/v2\/users\/1"}],"replies":[{"embeddable":true,"href":"https:\/\/elektriliit.ee\/et\/wp-json\/wp\/v2\/comments?post=154"}],"version-history":[{"count":19,"href":"https:\/\/elektriliit.ee\/et\/wp-json\/wp\/v2\/pages\/154\/revisions"}],"predecessor-version":[{"id":1254,"href":"https:\/\/elektriliit.ee\/et\/wp-json\/wp\/v2\/pages\/154\/revisions\/1254"}],"up":[{"embeddable":true,"href":"https:\/\/elektriliit.ee\/et\/wp-json\/wp\/v2\/pages\/137"}],"wp:attachment":[{"href":"https:\/\/elektriliit.ee\/et\/wp-json\/wp\/v2\/media?parent=154"}],"curies":[{"name":"wp","href":"https:\/\/api.w.org\/{rel}","templated":true}]}}