{"id":2,"date":"2022-11-29T08:48:37","date_gmt":"2022-11-29T08:48:37","guid":{"rendered":"https:\/\/elektriliit.ee\/et\/?page_id=2"},"modified":"2026-03-26T14:27:40","modified_gmt":"2026-03-26T14:27:40","slug":"avaleht","status":"publish","type":"page","link":"https:\/\/elektriliit.ee\/et\/","title":{"rendered":"Avaleht"},"content":{"rendered":"\n<div class=\"wp-block-create-block-carousel wp-block-row\"><div id=\"carousel-block-64efb426-8e32-4471-8407-a796387e7d6a\" class=\"carousel slide\" data-bs-ride=\"carousel\"><div class=\"carousel-indicators\"><button type=\"button\" data-bs-target=\"#carousel-block-64efb426-8e32-4471-8407-a796387e7d6a\" data-bs-slide-to=\"0\" class=\"active position-relative\" aria-label=\"Slide 0\"><\/button><button type=\"button\" data-bs-target=\"#carousel-block-64efb426-8e32-4471-8407-a796387e7d6a\" data-bs-slide-to=\"1\" class=\" position-relative\" aria-label=\"Slide 1\"><\/button><\/div><div class=\"carousel-inner\"><div class=\"active carousel-item\" data-bs-interval=\"6000\"><div class=\"ratio\" style=\"--bs-aspect-ratio: 34%\"><div class=\"dark-overlay w-100 h-100 position-absolute top-0 start-0\"><\/div><img decoding=\"async\" src=\"https:\/\/elektriliit.ee\/et\/wp-content\/uploads\/sites\/2\/2026\/03\/Eurelectric-Power-Summit-2026-1.jpg\" alt=\"\" \/><\/div><div class=\"carousel-caption container\"><div class=\"carousel-caption-inner\"><h1 class=\"display-1\">Eurelectric Power Summit 2026<\/h1><button class=\"wp-element-button\"><a href=\"https:\/\/www.eurelectric.org\/extended-event\/powersummit-2026-bringingpowertolife\/\" target=\"_blank\" rel=\"noreferrer noopener\">Loe veel<\/a><\/button><\/div><\/div><\/div><div class=\" carousel-item\" data-bs-interval=\"6000\"><div class=\"ratio\" style=\"--bs-aspect-ratio: 34%\"><div class=\"dark-overlay w-100 h-100 position-absolute top-0 start-0\"><\/div><img decoding=\"async\" src=\"https:\/\/elektriliit.ee\/et\/wp-content\/uploads\/sites\/2\/2024\/02\/smagrinet-2.jpg\" alt=\"\" \/><\/div><div class=\"carousel-caption container\"><div class=\"carousel-caption-inner\"><h1 class=\"display-1\">SMAGRINET<\/h1><button class=\"wp-element-button\"><a href=\"https:\/\/www.smagrinet.eu\/\" target=\"_blank\" rel=\"noreferrer noopener\">Loe veel<\/a><\/button><\/div><\/div><\/div><\/div><\/div><\/div>\n\n\n\n<section class=\"wp-block-group container-narrow numbers-module py-4 is-nowrap is-layout-flex wp-container-core-group-is-layout-ad2f72ca wp-block-group-is-layout-flex\">\n<div class=\"wp-block-columns wp-container-content-9cfa9a5a is-layout-flex wp-container-core-columns-is-layout-9d6595d7 wp-block-columns-is-layout-flex\">\n<div class=\"wp-block-column is-layout-flow wp-block-column-is-layout-flow\">\n<h1 class=\"wp-block-heading has-text-align-center has-green-color has-text-color\">16<\/h1>\n\n\n\n<p class=\"has-text-align-center\">Liikmed<\/p>\n<\/div>\n\n\n\n<div class=\"wp-block-column is-layout-flow wp-block-column-is-layout-flow\">\n<h1 class=\"wp-block-heading has-text-align-center has-green-color has-text-color\">150<\/h1>\n\n\n\n<p class=\"has-text-align-center\">Kaasatud eksperdid<\/p>\n<\/div>\n\n\n\n<div class=\"wp-block-column is-layout-flow wp-block-column-is-layout-flow\">\n<h1 class=\"wp-block-heading has-text-align-center has-green-color has-text-color\">9000<\/h1>\n\n\n\n<p class=\"has-text-align-center\">Liikmesettev\u00f5tete t\u00f6\u00f6tajad<\/p>\n<\/div>\n\n\n\n<div class=\"wp-block-column is-layout-flow wp-block-column-is-layout-flow\">\n<h1 class=\"wp-block-heading has-text-align-center has-green-color has-text-color\">4265700000<\/h1>\n\n\n\n<p class=\"has-text-align-center\">Liikmesettev\u00f5tete k\u00e4ive (eurodes)<\/p>\n<\/div>\n<\/div>\n<\/section>\n\n\n\n<section class=\"wp-block-group container is-layout-constrained wp-block-group-is-layout-constrained\">\n<div class=\"wp-block-columns is-layout-flex wp-container-core-columns-is-layout-9d6595d7 wp-block-columns-is-layout-flex\">\n<div class=\"wp-block-column is-layout-flow wp-block-column-is-layout-flow\">\n<h2 class=\"wp-block-heading mb-0\">Pressiteated<\/h2>\n<\/div>\n\n\n\n<div class=\"wp-block-column is-vertically-aligned-center is-layout-flow wp-block-column-is-layout-flow\">\n<div class=\"wp-block-buttons is-horizontal is-content-justification-right is-layout-flex wp-container-core-buttons-is-layout-b04570c3 wp-block-buttons-is-layout-flex\">\n<div class=\"wp-block-button is-style-arrow\"><a class=\"wp-block-button__link has-text-align-left wp-element-button\" href=\"https:\/\/elektriliit.ee\/et\/elektritoostuse-liit\/pressiteated\/\" style=\"border-radius:0px\">K\u00f5ik pressiteated<\/a><\/div>\n<\/div>\n<\/div>\n<\/div>\n\n\n<ul class=\"wp-block-latest-posts__list is-grid columns-3 has-dates wp-block-latest-posts\"><li><div class=\"wp-block-latest-posts__featured-image\"><a href=\"https:\/\/elektriliit.ee\/et\/toimus-wec-akadeemia-diskussioon-vorgu-paindlikkusest-hispaania-ja-portugali-juhtum\/\" aria-label=\"Toimus WEC Akadeemia diskussioon v\u00f5rgu paindlikkusest, Hispaania ja Portugali juhtum\"><img loading=\"lazy\" decoding=\"async\" width=\"594\" height=\"334\" src=\"https:\/\/elektriliit.ee\/et\/wp-content\/uploads\/sites\/2\/2026\/03\/WEC-akadeemia-160326.jpg\" class=\"attachment-large size-large wp-post-image\" alt=\"\" style=\"\" srcset=\"https:\/\/elektriliit.ee\/et\/wp-content\/uploads\/sites\/2\/2026\/03\/WEC-akadeemia-160326.jpg 594w, https:\/\/elektriliit.ee\/et\/wp-content\/uploads\/sites\/2\/2026\/03\/WEC-akadeemia-160326-300x169.jpg 300w\" sizes=\"auto, (max-width: 594px) 100vw, 594px\" \/><\/a><\/div><a class=\"wp-block-latest-posts__post-title\" href=\"https:\/\/elektriliit.ee\/et\/toimus-wec-akadeemia-diskussioon-vorgu-paindlikkusest-hispaania-ja-portugali-juhtum\/\">Toimus WEC Akadeemia diskussioon v\u00f5rgu paindlikkusest, Hispaania ja Portugali juhtum<\/a><time datetime=\"2026-03-24T13:32:29+00:00\" class=\"wp-block-latest-posts__post-date\">24. m\u00e4rts 2026<\/time><div class=\"wp-block-latest-posts__post-excerpt\">28. aprillil 2025 toimunud ulatuslik elektrikatkestus Hispaanias ja Portugalis t\u00f5i teravalt esile k\u00fcsimuse Euroopa omavahel \u00fchendatud elektris\u00fcsteemi vastupidavusest. Juhtum n\u00e4itas, &#8230;<\/div><\/li>\n<li><div class=\"wp-block-latest-posts__featured-image\"><a href=\"https:\/\/elektriliit.ee\/et\/tegusad-issid-ja-hakkajad-emmed-leiutajate-ralli-kutsub-osalema\/\" aria-label=\"Tegusad issid ja hakkajad emmed, leiutajate ralli kutsub osalema\"><img loading=\"lazy\" decoding=\"async\" width=\"597\" height=\"398\" src=\"https:\/\/elektriliit.ee\/et\/wp-content\/uploads\/sites\/2\/2026\/03\/Leiutajate-ralli.jpg\" class=\"attachment-large size-large wp-post-image\" alt=\"\" style=\"\" srcset=\"https:\/\/elektriliit.ee\/et\/wp-content\/uploads\/sites\/2\/2026\/03\/Leiutajate-ralli.jpg 597w, https:\/\/elektriliit.ee\/et\/wp-content\/uploads\/sites\/2\/2026\/03\/Leiutajate-ralli-300x200.jpg 300w\" sizes=\"auto, (max-width: 597px) 100vw, 597px\" \/><\/a><\/div><a class=\"wp-block-latest-posts__post-title\" href=\"https:\/\/elektriliit.ee\/et\/tegusad-issid-ja-hakkajad-emmed-leiutajate-ralli-kutsub-osalema\/\">Tegusad issid ja hakkajad emmed, leiutajate ralli kutsub osalema<\/a><time datetime=\"2026-02-27T10:24:00+00:00\" class=\"wp-block-latest-posts__post-date\">27. veebr. 2026<\/time><div class=\"wp-block-latest-posts__post-excerpt\">Leiutajate ralli v\u00f5istlus kutsub taas kokku 4.\u20139. klassi noori, et nutikus, inseneriannete ja tiimit\u00f6\u00f6oskus proovile panna. Levita infot v\u00f5i pane &#8230;<\/div><\/li>\n<li><div class=\"wp-block-latest-posts__featured-image\"><a href=\"https:\/\/elektriliit.ee\/et\/muudatused-elektriarvel-alates-2026-aasta-algusest\/\" aria-label=\"Muudatused elektriarvel alates 2026. aasta algusest\"><img loading=\"lazy\" decoding=\"async\" width=\"646\" height=\"356\" src=\"https:\/\/elektriliit.ee\/et\/wp-content\/uploads\/sites\/2\/2026\/03\/Elektriarve.jpg\" class=\"attachment-large size-large wp-post-image\" alt=\"\" style=\"\" srcset=\"https:\/\/elektriliit.ee\/et\/wp-content\/uploads\/sites\/2\/2026\/03\/Elektriarve.jpg 646w, https:\/\/elektriliit.ee\/et\/wp-content\/uploads\/sites\/2\/2026\/03\/Elektriarve-300x165.jpg 300w\" sizes=\"auto, (max-width: 646px) 100vw, 646px\" \/><\/a><\/div><a class=\"wp-block-latest-posts__post-title\" href=\"https:\/\/elektriliit.ee\/et\/muudatused-elektriarvel-alates-2026-aasta-algusest\/\">Muudatused elektriarvel alates 2026. aasta algusest<\/a><time datetime=\"2026-01-02T13:12:08+00:00\" class=\"wp-block-latest-posts__post-date\">2. jaan. 2026<\/time><div class=\"wp-block-latest-posts__post-excerpt\">Alates 2026. aasta algusest lisandub elektriarvele kaks uut rida. Keskmisele kodutarbijale on nende kogum\u00f5ju umbes kolm kuni neli eurot kuus. &#8230;<\/div><\/li>\n<\/ul><\/section>\n\n\n\n<section class=\"wp-block-group pressreleases-section has-gray-transparent-background-color has-background is-vertical is-layout-flex wp-container-core-group-is-layout-8cf370e7 wp-block-group-is-layout-flex\">\n<div class=\"wp-block-columns container mb-0 mx-auto is-layout-flex wp-container-core-columns-is-layout-9d6595d7 wp-block-columns-is-layout-flex\">\n<div class=\"wp-block-column is-layout-flow wp-block-column-is-layout-flow\" style=\"flex-basis:33.33%\">\n<h2 class=\"wp-block-heading display-1\">Viimased artiklid<\/h2>\n<\/div>\n\n\n\n<div class=\"wp-block-column is-layout-flow wp-block-column-is-layout-flow\" style=\"flex-basis:66.66%\"><ul class=\"wp-block-latest-posts__list has-dates wp-block-latest-posts\"><li><a class=\"wp-block-latest-posts__post-title\" href=\"https:\/\/elektriliit.ee\/et\/geopoliitiliste-pingete-eskalatsioon-on-tekitanud-uue-reaalsuse-sodade-ajastu-paneb-proovile-maailma-energiaturud-ja-pingestab-energiataristute-toimimist\/\">Geopoliitiliste pingete eskalatsioon on tekitanud uue reaalsuse, s\u00f5dade ajastu paneb proovile maailma energiaturud ja pingestab energiataristute toimimist<\/a><time datetime=\"2026-03-25T13:57:57+00:00\" class=\"wp-block-latest-posts__post-date\">25. m\u00e4rts 2026<\/time><\/li>\n<li><a class=\"wp-block-latest-posts__post-title\" href=\"https:\/\/elektriliit.ee\/et\/kuidas-oma-kodu-talveks-ette-valmistada-ja-hoida-kokku-energiaarvetelt\/\">Kuidas oma kodu talveks ette valmistada ja hoida kokku energiaarvetelt<\/a><time datetime=\"2025-11-13T16:05:00+00:00\" class=\"wp-block-latest-posts__post-date\">13. nov. 2025<\/time><\/li>\n<li><a class=\"wp-block-latest-posts__post-title\" href=\"https:\/\/elektriliit.ee\/et\/energiavampiirid-sinu-kodus-ehk-millised-kodumasinad-tarbivad-enim-elektrit\/\">Energiavampiirid sinu kodus ehk millised kodumasinad tarbivad enim elektrit?<\/a><time datetime=\"2025-08-08T12:02:00+00:00\" class=\"wp-block-latest-posts__post-date\">8. aug. 2025<\/time><\/li>\n<li><a class=\"wp-block-latest-posts__post-title\" href=\"https:\/\/elektriliit.ee\/et\/eesti-elektrisusteem-liigub-kodusele-manguvaljakule\/\">Eesti elektris\u00fcsteem liigub kodusele m\u00e4nguv\u00e4ljakule<\/a><time datetime=\"2025-04-04T12:55:30+00:00\" class=\"wp-block-latest-posts__post-date\">4. apr. 2025<\/time><\/li>\n<li><a class=\"wp-block-latest-posts__post-title\" href=\"https:\/\/elektriliit.ee\/et\/majanduse-elektrifitseerimise-ja-konkurentsivoime-huvides-tuleb-vahendada-elektri-maksukoormust\/\">Majanduse elektrifitseerimise ja konkurentsiv\u00f5ime huvides tuleb v\u00e4hendada elektri maksukoormust<\/a><time datetime=\"2025-03-03T12:49:00+00:00\" class=\"wp-block-latest-posts__post-date\">3. m\u00e4rts 2025<\/time><\/li>\n<li><a class=\"wp-block-latest-posts__post-title\" href=\"https:\/\/elektriliit.ee\/et\/negatiivsed-elektrihinnad-pohjused-mojud-ja-voimalikud-lahendused\/\">Negatiivsed elektrihinnad \u2013 p\u00f5hjused, m\u00f5jud ja v\u00f5imalikud lahendused<\/a><time datetime=\"2025-01-27T12:44:00+00:00\" class=\"wp-block-latest-posts__post-date\">27. jaan. 2025<\/time><\/li>\n<li><a class=\"wp-block-latest-posts__post-title\" href=\"https:\/\/elektriliit.ee\/et\/positron-avastusretk-tulevikku\/\">Positron \u2013 avastusretk tulevikku<\/a><time datetime=\"2024-10-02T12:16:00+00:00\" class=\"wp-block-latest-posts__post-date\">2. okt. 2024<\/time><\/li>\n<li><a class=\"wp-block-latest-posts__post-title\" href=\"https:\/\/elektriliit.ee\/et\/elektrilevi-pingutab-et-vorgu-tookindlus-oleks-uha-parem\/\">Eesti suurim jaotusv\u00f5rk pingutab, et v\u00f5rgu t\u00f6\u00f6kindlus oleks \u00fcha parem<\/a><time datetime=\"2024-09-09T12:36:00+00:00\" class=\"wp-block-latest-posts__post-date\">9. sept. 2024<\/time><\/li>\n<li><a class=\"wp-block-latest-posts__post-title\" href=\"https:\/\/elektriliit.ee\/et\/taastuvelektri-arengu-oluline-tagatis-on-energia-salvestamine\/\">Taastuvelektri arengu oluline tagatis on energia salvestamine<\/a><time datetime=\"2024-06-03T12:15:00+00:00\" class=\"wp-block-latest-posts__post-date\">3. juuni 2024<\/time><\/li>\n<\/ul>\n\n\n<div class=\"wp-block-buttons is-layout-flex wp-block-buttons-is-layout-flex\">\n<div class=\"wp-block-button mt-3\"><a class=\"wp-block-button__link has-white-color has-primary-background-color has-text-color has-background wp-element-button\" href=\"https:\/\/elektriliit.ee\/et\/elektritoostuse-liit\/artiklid\/\" style=\"border-radius:0px\">K\u00f5ik artiklid<\/a><\/div>\n<\/div>\n<\/div>\n<\/div>\n<\/section>\n\n\n\n<section class=\"wp-block-group container py-lg-4 is-layout-constrained wp-block-group-is-layout-constrained\">\n<h2 class=\"wp-block-heading has-text-align-center display-1 mb-5\">Liitu Eesti Elektrit\u00f6\u00f6stuse Liiduga<\/h2>\n\n\n\n<div class=\"wp-block-columns icon-cards pt-3 wp-container-content-9cfa9a5a is-layout-flex wp-container-core-columns-is-layout-ed5226f6 wp-block-columns-is-layout-flex\" style=\"padding-right:0;padding-left:0\">\n<div class=\"wp-block-column has-green-light-background-color has-background is-layout-flow wp-block-column-is-layout-flow\" style=\"padding-top:var(--wp--preset--spacing--30);padding-right:var(--wp--preset--spacing--30);padding-bottom:var(--wp--preset--spacing--30);padding-left:var(--wp--preset--spacing--30)\">\n<figure class=\"wp-block-image size-full is-resized\"><img decoding=\"async\" src=\"https:\/\/elektriliit.ee\/et\/wp-content\/uploads\/sites\/2\/2023\/09\/square-info-sharp-solid.svg\" alt=\"\" class=\"wp-image-730\" style=\"width:undefinedpx;height:40px\" \/><\/figure>\n\n\n\n<h3 class=\"wp-block-heading has-text-align-center\">P\u00c4DEVUS<\/h3>\n\n\n\n<p class=\"has-text-align-center\">Evime reaalset infot ja kompetentset sektorip\u00f5hist teavet<br>kogu elektrit\u00f6\u00f6stuse v\u00e4\u00e4rtusahela ulatuses ja omame juurdep\u00e4\u00e4su valdkondlikule ekspertide koost\u00f6\u00f6v\u00f5rgustikule Euroopas ja mujal maailmas<\/p>\n<\/div>\n\n\n\n<div class=\"wp-block-column has-green-light-background-color has-background is-layout-flow wp-block-column-is-layout-flow\" style=\"padding-top:var(--wp--preset--spacing--30);padding-right:var(--wp--preset--spacing--30);padding-bottom:var(--wp--preset--spacing--30);padding-left:var(--wp--preset--spacing--30)\">\n<figure class=\"wp-block-image size-full is-resized\"><img decoding=\"async\" src=\"https:\/\/elektriliit.ee\/et\/wp-content\/uploads\/sites\/2\/2023\/09\/folder-gear-sharp-solid.svg\" alt=\"\" class=\"wp-image-731\" style=\"width:undefinedpx;height:40px\" \/><\/figure>\n\n\n\n<h3 class=\"wp-block-heading has-text-align-center\">KOOST\u00d6\u00d6<\/h3>\n\n\n\n<p class=\"has-text-align-center\">Arendame liikmete ja partneritega omavahelisi koost\u00f6\u00f6suheteid&nbsp;v\u00e4\u00e4rtusahelat l\u00e4bivalt ning&nbsp;panustame sektori haridusse ja j\u00e4relkasvu<\/p>\n<\/div>\n\n\n\n<div class=\"wp-block-column has-green-light-background-color has-background is-layout-flow wp-block-column-is-layout-flow\" style=\"padding-top:var(--wp--preset--spacing--30);padding-right:var(--wp--preset--spacing--30);padding-bottom:var(--wp--preset--spacing--30);padding-left:var(--wp--preset--spacing--30)\">\n<figure class=\"wp-block-image size-full is-resized\"><img decoding=\"async\" src=\"https:\/\/elektriliit.ee\/et\/wp-content\/uploads\/sites\/2\/2023\/09\/eye-solid.svg\" alt=\"\" class=\"wp-image-732\" style=\"width:undefinedpx;height:40px\" \/><\/figure>\n\n\n\n<h3 class=\"wp-block-heading has-text-align-center\">MAINE<\/h3>\n\n\n\n<p class=\"has-text-align-center\">Oleme erialaliiduna organisatsioon, mis suudab tulemuslikult esindada liikmete huve energia- ja kliimaregulatsiooni kujundamisel Eestis ja Euroopa Liidus<\/p>\n<\/div>\n\n\n\n<div class=\"wp-block-column has-green-light-background-color has-background is-layout-flow wp-block-column-is-layout-flow\" style=\"padding-top:var(--wp--preset--spacing--30);padding-right:var(--wp--preset--spacing--30);padding-bottom:var(--wp--preset--spacing--30);padding-left:var(--wp--preset--spacing--30)\">\n<figure class=\"wp-block-image size-full is-resized\"><img decoding=\"async\" src=\"https:\/\/elektriliit.ee\/et\/wp-content\/uploads\/sites\/2\/2023\/09\/chart-network-sharp-solid.svg\" alt=\"\" class=\"wp-image-734\" style=\"width:undefinedpx;height:40px\" \/><\/figure>\n\n\n\n<h3 class=\"wp-block-heading has-text-align-center\"><strong>EESTK\u00d5NELEJA<\/strong><\/h3>\n\n\n\n<p class=\"has-text-align-center\">Oleme elektrit\u00f6\u00f6stuse valdkonna ettev\u00f5tjate ja organisatsioonide \u00fchiste huvide esindaja ja eestk\u00f5neleja Eestis ja Euroopas, tegutseme majanduse kui terviku konkurentsiv\u00f5ime eest<\/p>\n<\/div>\n<\/div>\n\n\n\n<div class=\"wp-block-buttons is-content-justification-center is-layout-flex wp-container-core-buttons-is-layout-16018d1d wp-block-buttons-is-layout-flex\">\n<div class=\"wp-block-button\" id=\"btn-modal-large\"><a class=\"wp-block-button__link has-primary-background-color has-background wp-element-button\" style=\"border-radius:0px\">Liitu<\/a><\/div>\n<\/div>\n<\/section>\n","protected":false},"excerpt":{"rendered":"<p>Pressiteated Viimased artiklid Liitu Eesti Elektrit\u00f6\u00f6stuse Liiduga P\u00c4DEVUS Evime reaalset infot ja kompetentset sektorip\u00f5hist teavetkogu elektrit\u00f6\u00f6stuse v\u00e4\u00e4rtusahela ulatuses ja omame juurdep\u00e4\u00e4su valdkondlikule ekspertide koost\u00f6\u00f6v\u00f5rgustikule Euroopas ja mujal maailmas KOOST\u00d6\u00d6 Arendame &#8230;<\/p>\n","protected":false},"author":1,"featured_media":0,"parent":0,"menu_order":0,"comment_status":"closed","ping_status":"closed","template":"page-home.blade.php","meta":{"_acf_changed":false,"footnotes":""},"class_list":["post-2","page","type-page","status-publish","hentry"],"acf":[],"_links":{"self":[{"href":"https:\/\/elektriliit.ee\/et\/wp-json\/wp\/v2\/pages\/2","targetHints":{"allow":["GET"]}}],"collection":[{"href":"https:\/\/elektriliit.ee\/et\/wp-json\/wp\/v2\/pages"}],"about":[{"href":"https:\/\/elektriliit.ee\/et\/wp-json\/wp\/v2\/types\/page"}],"author":[{"embeddable":true,"href":"https:\/\/elektriliit.ee\/et\/wp-json\/wp\/v2\/users\/1"}],"replies":[{"embeddable":true,"href":"https:\/\/elektriliit.ee\/et\/wp-json\/wp\/v2\/comments?post=2"}],"version-history":[{"count":239,"href":"https:\/\/elektriliit.ee\/et\/wp-json\/wp\/v2\/pages\/2\/revisions"}],"predecessor-version":[{"id":1253,"href":"https:\/\/elektriliit.ee\/et\/wp-json\/wp\/v2\/pages\/2\/revisions\/1253"}],"wp:attachment":[{"href":"https:\/\/elektriliit.ee\/et\/wp-json\/wp\/v2\/media?parent=2"}],"curies":[{"name":"wp","href":"https:\/\/api.w.org\/{rel}","templated":true}]}}