{"id":675,"date":"2023-09-22T13:29:53","date_gmt":"2023-09-22T13:29:53","guid":{"rendered":"https:\/\/elektriliit.ee\/et\/?page_id=675"},"modified":"2024-02-01T00:22:59","modified_gmt":"2024-02-01T00:22:59","slug":"meist","status":"publish","type":"page","link":"https:\/\/elektriliit.ee\/et\/elektritoostuse-liit\/meist\/","title":{"rendered":"Liidust"},"content":{"rendered":"\n<div class=\"wp-block-group container-narrow is-nowrap is-layout-flex wp-container-core-group-is-layout-ad2f72ca wp-block-group-is-layout-flex\">\n<div class=\"wp-block-columns are-vertically-aligned-center is-layout-flex wp-container-core-columns-is-layout-9d6595d7 wp-block-columns-is-layout-flex\">\n<div class=\"wp-block-column is-vertically-aligned-center is-layout-flow wp-block-column-is-layout-flow\" style=\"flex-basis:60%\">\n<h2 class=\"wp-block-heading mb-0\">Eesti Elektrit\u00f6\u00f6stuse Liit on sektori eestk\u00f5neleja Eestis ja Euroopas.<\/h2>\n<\/div>\n\n\n\n<div class=\"wp-block-column is-vertically-aligned-center is-layout-flow wp-block-column-is-layout-flow\" style=\"flex-basis:50%\">\n<p>Meie liikmeskonda Eestis kuulub 16 ettev\u00f5tet ja Euroopa katuseorganisatsiooni ligikaudu 3500 ettev\u00f5tet \u00fcle maailma, kes tegutsevad elektri tootmise, jaotamise ja tarnimisega v\u00f5i on seotud muul viisil elektrit\u00f6\u00f6stusega.<\/p>\n<\/div>\n<\/div>\n<\/div>\n\n\n\n<div class=\"wp-block-group container is-content-justification-center is-nowrap is-layout-flex wp-container-core-group-is-layout-94bc23d7 wp-block-group-is-layout-flex\">\n<section class=\"wp-block-group container-narrow numbers-module py-4 is-nowrap is-layout-flex wp-container-core-group-is-layout-ad2f72ca wp-block-group-is-layout-flex\">\n<div class=\"wp-block-columns wp-container-content-9cfa9a5a is-layout-flex wp-container-core-columns-is-layout-9d6595d7 wp-block-columns-is-layout-flex\">\n<div class=\"wp-block-column is-layout-flow wp-block-column-is-layout-flow\">\n<h1 class=\"wp-block-heading has-text-align-center has-green-color has-text-color\">16<\/h1>\n\n\n\n<p class=\"has-text-align-center\">Liikmed<\/p>\n<\/div>\n\n\n\n<div class=\"wp-block-column is-layout-flow wp-block-column-is-layout-flow\">\n<h1 class=\"wp-block-heading has-text-align-center has-green-color has-text-color\">150<\/h1>\n\n\n\n<p class=\"has-text-align-center\">Kaasatud eksperdid<\/p>\n<\/div>\n\n\n\n<div class=\"wp-block-column is-layout-flow wp-block-column-is-layout-flow\">\n<h1 class=\"wp-block-heading has-text-align-center has-green-color has-text-color\">9000<\/h1>\n\n\n\n<p class=\"has-text-align-center\">Liikmesettev\u00f5tete t\u00f6\u00f6tajad<\/p>\n<\/div>\n\n\n\n<div class=\"wp-block-column is-layout-flow wp-block-column-is-layout-flow\">\n<h1 class=\"wp-block-heading has-text-align-center has-green-color has-text-color\">4265700000<\/h1>\n\n\n\n<p class=\"has-text-align-center\">Liikmesettev\u00f5tete k\u00e4ive (eurodes)<\/p>\n<\/div>\n<\/div>\n<\/section>\n<\/div>\n\n\n\n<div class=\"wp-block-group is-layout-constrained wp-block-group-is-layout-constrained\">\n<div class=\"wp-block-cover is-light has-parallax\"><span aria-hidden=\"true\" class=\"wp-block-cover__background has-background-dim\"><\/span><div role=\"img\" class=\"wp-block-cover__image-background wp-image-769 has-parallax\" style=\"background-position:50% 50%;background-image:url(https:\/\/elektriliit.ee\/et\/wp-content\/uploads\/sites\/2\/2023\/09\/AboutUs-BG3.jpg)\"><\/div><div class=\"wp-block-cover__inner-container is-layout-constrained wp-block-cover-is-layout-constrained\">\n<h2 class=\"wp-block-heading has-text-align-center fs-1 has-white-color has-text-color\">Puhtamale energiale \u00fcleminek peab kaasa tooma kulut\u00f5husa, kliimas\u00f5braliku ja turvalise elektrivarustatuse ning toimiva elektritaristu meie tarbijale<\/h2>\n<\/div><\/div>\n<\/div>\n\n\n\n<div class=\"wp-block-group container-narrow py-lg-4 is-layout-constrained wp-block-group-is-layout-constrained\">\n<h2 class=\"wp-block-heading has-text-align-center mb-5\">Elektrit\u00f6\u00f6stuse peamised eesm\u00e4rgid<\/h2>\n\n\n\n<div class=\"wp-block-columns is-layout-flex wp-container-core-columns-is-layout-9d6595d7 wp-block-columns-is-layout-flex\">\n<div class=\"wp-block-column is-layout-flow wp-block-column-is-layout-flow\">\n<div class=\"wp-block-media-text\" style=\"grid-template-columns:15% auto\"><figure class=\"wp-block-media-text__media\"><img loading=\"lazy\" decoding=\"async\" width=\"160\" height=\"160\" src=\"https:\/\/elektriliit.ee\/et\/wp-content\/uploads\/sites\/2\/2023\/09\/green-deal.png\" alt=\"\" class=\"wp-image-778 size-full\" srcset=\"https:\/\/elektriliit.ee\/et\/wp-content\/uploads\/sites\/2\/2023\/09\/green-deal.png 160w, https:\/\/elektriliit.ee\/et\/wp-content\/uploads\/sites\/2\/2023\/09\/green-deal-150x150.png 150w\" sizes=\"auto, (max-width: 160px) 100vw, 160px\" \/><\/figure><div class=\"wp-block-media-text__content\">\n<p>Puhtamale elektrile \u00fcleminekul peame saavutama taskukohase ja keskkonnaga koosk\u00f5las oleva kindla elektrivarustatuse ja energiajulgeolekul p\u00f5hineva toimiva elektritaristu, sest sellest s\u00f5ltub meie \u00fchiskonna heaolu ja areng<\/p>\n<\/div><\/div>\n<\/div>\n\n\n\n<div class=\"wp-block-column is-layout-flow wp-block-column-is-layout-flow\">\n<div class=\"wp-block-media-text\" style=\"grid-template-columns:15% auto\"><figure class=\"wp-block-media-text__media\"><img loading=\"lazy\" decoding=\"async\" width=\"160\" height=\"160\" src=\"https:\/\/elektriliit.ee\/et\/wp-content\/uploads\/sites\/2\/2023\/09\/co2.png\" alt=\"\" class=\"wp-image-779 size-full\" srcset=\"https:\/\/elektriliit.ee\/et\/wp-content\/uploads\/sites\/2\/2023\/09\/co2.png 160w, https:\/\/elektriliit.ee\/et\/wp-content\/uploads\/sites\/2\/2023\/09\/co2-150x150.png 150w\" sizes=\"auto, (max-width: 160px) 100vw, 160px\" \/><\/figure><div class=\"wp-block-media-text__content\">\n<p>Tagame, et k\u00f5ik v\u00e4hesema CO2-heitmega tehnoloogiad aitaksid kaasa elektrit\u00f6\u00f6stuse keskkonna jalaj\u00e4lje v\u00e4hendamisele tervikvaates ning seet\u00f5ttu on olulised tehnoloogianeutraalsus ja konkurentsile avatud elektriturg<\/p>\n<\/div><\/div>\n<\/div>\n<\/div>\n\n\n\n<div class=\"wp-block-columns is-layout-flex wp-container-core-columns-is-layout-9d6595d7 wp-block-columns-is-layout-flex\">\n<div class=\"wp-block-column is-layout-flow wp-block-column-is-layout-flow\">\n<div class=\"wp-block-media-text\" style=\"grid-template-columns:15% auto\"><figure class=\"wp-block-media-text__media\"><img loading=\"lazy\" decoding=\"async\" width=\"160\" height=\"160\" src=\"https:\/\/elektriliit.ee\/et\/wp-content\/uploads\/sites\/2\/2023\/09\/el-car.png\" alt=\"\" class=\"wp-image-780 size-full\" srcset=\"https:\/\/elektriliit.ee\/et\/wp-content\/uploads\/sites\/2\/2023\/09\/el-car.png 160w, https:\/\/elektriliit.ee\/et\/wp-content\/uploads\/sites\/2\/2023\/09\/el-car-150x150.png 150w\" sizes=\"auto, (max-width: 160px) 100vw, 160px\" \/><\/figure><div class=\"wp-block-media-text__content\">\n<p>Loome tarbijale taskukohase v\u00e4hese CO2-heitmega elukeskkonna, kasutades selleks laialdaselt elektrienergial baseeruvaid lahendusi, sest elekter on inimestele ressurss, milleta on elu raske ette kujutada<\/p>\n<\/div><\/div>\n<\/div>\n\n\n\n<div class=\"wp-block-column is-layout-flow wp-block-column-is-layout-flow\">\n<div class=\"wp-block-media-text\" style=\"grid-template-columns:15% auto\"><figure class=\"wp-block-media-text__media\"><img loading=\"lazy\" decoding=\"async\" width=\"160\" height=\"160\" src=\"https:\/\/elektriliit.ee\/et\/wp-content\/uploads\/sites\/2\/2023\/09\/arrows.png\" alt=\"\" class=\"wp-image-781 size-full\" srcset=\"https:\/\/elektriliit.ee\/et\/wp-content\/uploads\/sites\/2\/2023\/09\/arrows.png 160w, https:\/\/elektriliit.ee\/et\/wp-content\/uploads\/sites\/2\/2023\/09\/arrows-150x150.png 150w\" sizes=\"auto, (max-width: 160px) 100vw, 160px\" \/><\/figure><div class=\"wp-block-media-text__content\">\n<p>Elektrifitseerimine on Eesti ja Euroopa s\u00fcsinikuneutraalse tuleviku peamine v\u00f5imaldaja, sest see on otsene, efektiivne ja t\u00f5hus viis dekarboniseerida kogu \u00fchiskond ja majandus<\/p>\n<\/div><\/div>\n<\/div>\n<\/div>\n<\/div>\n\n\n\n<div class=\"wp-block-group py-5 mb-0 has-gray-background-color has-background is-content-justification-center is-nowrap is-layout-flex wp-container-core-group-is-layout-94bc23d7 wp-block-group-is-layout-flex\">\n<div class=\"wp-block-columns container-narrow wp-container-content-9cfa9a5a is-layout-flex wp-container-core-columns-is-layout-9d6595d7 wp-block-columns-is-layout-flex\">\n<div class=\"wp-block-column is-vertically-aligned-center is-layout-flow wp-block-column-is-layout-flow\">\n<h2 class=\"wp-block-heading mt-0 has-white-color has-text-color\">P\u00fchendume oma liikmetele<\/h2>\n<\/div>\n\n\n\n<div class=\"wp-block-column d-flex flex-column gap-3 is-layout-flow wp-block-column-is-layout-flow\">\n<div class=\"wp-block-media-text\" style=\"grid-template-columns:15% auto\"><figure class=\"wp-block-media-text__media\"><img loading=\"lazy\" decoding=\"async\" width=\"80\" height=\"80\" src=\"https:\/\/elektriliit.ee\/et\/wp-content\/uploads\/sites\/2\/2023\/11\/book.png\" alt=\"\" class=\"wp-image-944 size-full\" \/><\/figure><div class=\"wp-block-media-text__content\">\n<p class=\"mb-0 has-white-color has-text-color\"><strong>Avatus <\/strong>\u2013 k\u00f5ik liikmed ja avalikkus teavad millistel alustel ja kuidas Eesti Elektrit\u00f6\u00f6stuse Liit tegutseb<\/p>\n<\/div><\/div>\n\n\n\n<div class=\"wp-block-media-text\" style=\"grid-template-columns:15% auto\"><figure class=\"wp-block-media-text__media\"><img loading=\"lazy\" decoding=\"async\" width=\"80\" height=\"80\" src=\"https:\/\/elektriliit.ee\/et\/wp-content\/uploads\/sites\/2\/2023\/09\/people.png\" alt=\"\" class=\"wp-image-800 size-full\" \/><\/figure><div class=\"wp-block-media-text__content\">\n<p class=\"mb-0 has-white-color has-text-color\"><strong>Osalus <\/strong>\u2013 k\u00f5ikide liikmete informeeritud kaasamine organisatsiooni strateegiliste plaanide ning tegevuskava loomisse, nende realiseerimisele ja hindamisele<\/p>\n<\/div><\/div>\n\n\n\n<div class=\"wp-block-media-text\" style=\"grid-template-columns:15% auto\"><figure class=\"wp-block-media-text__media\"><img loading=\"lazy\" decoding=\"async\" width=\"80\" height=\"80\" src=\"https:\/\/elektriliit.ee\/et\/wp-content\/uploads\/sites\/2\/2023\/11\/handshake.png\" alt=\"\" class=\"wp-image-943 size-full\" \/><\/figure><div class=\"wp-block-media-text__content\">\n<p class=\"mb-0 has-white-color has-text-color\"><strong>Konsensus<\/strong> \u2013 Liidu tegevuses otsitakse eelk\u00f5ige huvide \u00fchisosa ning eesm\u00e4rkide teostamisel liidu sees rakendatakse k\u00f5igi liikmete konsensuslikku otsust<\/p>\n<\/div><\/div>\n\n\n\n<div class=\"wp-block-media-text\" style=\"grid-template-columns:15% auto\"><figure class=\"wp-block-media-text__media\"><img loading=\"lazy\" decoding=\"async\" width=\"80\" height=\"80\" src=\"https:\/\/elektriliit.ee\/et\/wp-content\/uploads\/sites\/2\/2023\/11\/scales.png\" alt=\"\" class=\"wp-image-942 size-full\" \/><\/figure><div class=\"wp-block-media-text__content\">\n<p class=\"mb-0 has-white-color has-text-color\"><strong>Legaalsus<\/strong> \u2013 selged \u00f5igussuhted liikmete vahel ja \u00f5igusnormide j\u00e4rgimine Liidu tegevuses ning Liidu p\u00f5hikirja j\u00e4rgimine<\/p>\n<\/div><\/div>\n<\/div>\n<\/div>\n<\/div>\n\n\n\n<div class=\"wp-block-group mt-0 is-vertical is-content-justification-stretch is-layout-flex wp-container-core-group-is-layout-b16ad781 wp-block-group-is-layout-flex\">\n<div class=\"wp-block-cover has-parallax mb-4\"><span aria-hidden=\"true\" class=\"wp-block-cover__background has-background-dim\"><\/span><div role=\"img\" class=\"wp-block-cover__image-background wp-image-813 has-parallax\" style=\"background-position:50% 50%;background-image:url(https:\/\/elektriliit.ee\/et\/wp-content\/uploads\/sites\/2\/2023\/09\/values.jpg)\"><\/div><div class=\"wp-block-cover__inner-container is-layout-constrained wp-container-core-cover-is-layout-70165e62 wp-block-cover-is-layout-constrained\">\n<h2 class=\"wp-block-heading has-text-align-center fs-1\">Meie v\u00e4\u00e4rtused<\/h2>\n<\/div><\/div>\n\n\n\n<div class=\"wp-block-columns container mx-auto is-layout-flex wp-container-core-columns-is-layout-9d6595d7 wp-block-columns-is-layout-flex\">\n<div class=\"wp-block-column is-layout-flow wp-block-column-is-layout-flow\">\n<p class=\"has-text-align-center\">Liidu v\u00e4\u00e4rtuspakkumisel&nbsp;on peamine r\u00f5hk elektrit\u00f6\u00f6stusele&nbsp;konkurentsiv\u00f5imelise majanduskeskkonna kujundamisel&nbsp;Eestis ja Euroopa Liidus, samuti&nbsp;energeetika positsioneerimisel \u00fchiskonnas koos mainekujundusega&nbsp;ning&nbsp;elektrit\u00f6\u00f6stuse sisemise kvaliteedi t\u00f5stmisel. Liit tegutseb koosk\u00f5las eetika- ja konkurentsireeglitega ja j\u00e4rgib k\u00f5iki kehtivaid konkurentsi\u00f5iguse s\u00e4tteid. Liidus ei vahetata \u00e4riliselt tundlikku informatsiooni ega s\u00f5lmita ausat konkurentsi takistavaid kokkuleppeid. Liit tegeleb eelk\u00f5ige liikmete \u00fchiste huvide realiseerimisega.<\/p>\n<\/div>\n<\/div>\n<\/div>\n\n\n\n<div class=\"wp-block-group py-4 mb-0 has-gray-transparent-background-color has-background is-nowrap is-layout-flex wp-container-core-group-is-layout-ad2f72ca wp-block-group-is-layout-flex\">\n<div class=\"wp-block-columns are-vertically-aligned-center container-narrow mx-auto py-lg-4 is-layout-flex wp-container-core-columns-is-layout-9d6595d7 wp-block-columns-is-layout-flex\">\n<div class=\"wp-block-column is-vertically-aligned-center is-layout-flow wp-block-column-is-layout-flow\" style=\"flex-basis:40%\">\n<h2 class=\"wp-block-heading fs-1\">Meie tegevus<\/h2>\n<\/div>\n\n\n\n<div class=\"wp-block-column is-vertically-aligned-center is-layout-flow wp-block-column-is-layout-flow\" style=\"flex-basis:60%\">\n<ul class=\"mb-0 wp-block-list\">\n<li>koost\u00f6\u00f6 erakondadega, ministeeriumite ja ametiasutustega ning teiste huvigruppidega liikmete huvidest l\u00e4htuva energia- ja kliimapoliitika kujundamisel<\/li>\n\n\n\n<li>energeetikat ja elektrit\u00f6\u00f6stust puudutavas seadusloomes liikmete huvide s\u00e4testamine<\/li>\n\n\n\n<li>energeetikasektorile konkurentsiv\u00f5imelise ettev\u00f5tluskeskkonna kujundamine<\/li>\n\n\n\n<li>valdkonna teadus- ja arendustegevuses liikmete ja sektori vajaduste realiseerimine<\/li>\n\n\n\n<li>hariduss\u00fcsteemis energeetika inseneeria ja t\u00f6\u00f6j\u00f5u j\u00e4tkusuutliku ettevalmistuse tagamine<\/li>\n\n\n\n<li>ohutuskultuuri arendamine ja \u00fchise vabatahtliku regulatsiooni kehtestamine energeetikas<\/li>\n\n\n\n<li>ausa konkurentsi tagamine energeetikas<\/li>\n\n\n\n<li>koost\u00f6\u00f6 arendamine energeetikas ja elektrit\u00f6\u00f6stuses laiemalt<\/li>\n\n\n\n<li>energeetika ja elektrit\u00f6\u00f6stuse avaliku arvamuse kujundamine l\u00e4bi p\u00e4deva kommunikatsiooni ja Liidu poolt esitatava ekspertiisi<\/li>\n\n\n\n<li>koolituste, \u00f5ppereiside, konkursside korraldamine valdkonnas<\/li>\n<\/ul>\n<\/div>\n<\/div>\n<\/div>\n","protected":false},"excerpt":{"rendered":"<p>Eesti Elektrit\u00f6\u00f6stuse Liit on sektori eestk\u00f5neleja Eestis ja Euroopas. Meie liikmeskonda Eestis kuulub 16 ettev\u00f5tet ja Euroopa katuseorganisatsiooni ligikaudu 3500 ettev\u00f5tet \u00fcle maailma, kes tegutsevad elektri tootmise, jaotamise ja tarnimisega &#8230;<\/p>\n","protected":false},"author":1,"featured_media":762,"parent":137,"menu_order":0,"comment_status":"closed","ping_status":"closed","template":"page-no-container.blade.php","meta":{"_acf_changed":false,"footnotes":""},"class_list":["post-675","page","type-page","status-publish","has-post-thumbnail","hentry"],"acf":[],"_links":{"self":[{"href":"https:\/\/elektriliit.ee\/et\/wp-json\/wp\/v2\/pages\/675","targetHints":{"allow":["GET"]}}],"collection":[{"href":"https:\/\/elektriliit.ee\/et\/wp-json\/wp\/v2\/pages"}],"about":[{"href":"https:\/\/elektriliit.ee\/et\/wp-json\/wp\/v2\/types\/page"}],"author":[{"embeddable":true,"href":"https:\/\/elektriliit.ee\/et\/wp-json\/wp\/v2\/users\/1"}],"replies":[{"embeddable":true,"href":"https:\/\/elektriliit.ee\/et\/wp-json\/wp\/v2\/comments?post=675"}],"version-history":[{"count":86,"href":"https:\/\/elektriliit.ee\/et\/wp-json\/wp\/v2\/pages\/675\/revisions"}],"predecessor-version":[{"id":1041,"href":"https:\/\/elektriliit.ee\/et\/wp-json\/wp\/v2\/pages\/675\/revisions\/1041"}],"up":[{"embeddable":true,"href":"https:\/\/elektriliit.ee\/et\/wp-json\/wp\/v2\/pages\/137"}],"wp:featuredmedia":[{"embeddable":true,"href":"https:\/\/elektriliit.ee\/et\/wp-json\/wp\/v2\/media\/762"}],"wp:attachment":[{"href":"https:\/\/elektriliit.ee\/et\/wp-json\/wp\/v2\/media?parent=675"}],"curies":[{"name":"wp","href":"https:\/\/api.w.org\/{rel}","templated":true}]}}