{"id":677,"date":"2023-09-22T13:30:21","date_gmt":"2023-09-22T13:30:21","guid":{"rendered":"https:\/\/elektriliit.ee\/et\/?page_id=677"},"modified":"2023-11-02T07:49:25","modified_gmt":"2023-11-02T07:49:25","slug":"dekarboniseerimine","status":"publish","type":"page","link":"https:\/\/elektriliit.ee\/et\/poliitikavaldkonnad\/dekarboniseerimine\/","title":{"rendered":"Dekarboniseerimine"},"content":{"rendered":"\n<p>Kliimamuutustega kohanemine on tegevus, mis n\u00f5uab kiiret koos tegutsemist rahvusvahelisel tasandil ning Liit teostab seda l\u00e4bi Euroopa elektrit\u00f6\u00f6stuste liidu EURELECTRIC. <a rel=\"noreferrer noopener\" href=\"https:\/\/www.youtube.com\/watch?v=aaQVSMRihAU\" target=\"_blank\">Dekarboniseerimine <\/a>on maailmamajanduse pikaajalise j\u00e4tkusuutlikkuse tagamiseks oluline ja Liiduna oleme p\u00fchendunud koos Euroopa elektrit\u00f6\u00f6stusega m\u00f5istliku \u00fclemineku <a rel=\"noreferrer noopener\" href=\"https:\/\/cdn.eurelectric.org\/media\/3172\/decarbonisation-pathways-electrificatino-part-study-results-h-AD171CCC.pdf?_gl=1*1f8z9e2*_ga*MTc3MjI3ODI0OS4xNjk1MjgyNjY3*_ga_CB82F90MQ6*MTY5NTg4MjE3NC4yMy4xLjE2OTU4ODI4NzAuOS4wLjA.\" target=\"_blank\">eestvedamisele<\/a>.<\/p>\n\n\n\n<p><a rel=\"noreferrer noopener\" href=\"https:\/\/www.eurelectric.org\/news\/2015\/eurelectric-hails-successful-outcome-from-paris-climate-change-conference\/\" target=\"_blank\">Pariisi kokkulepe<\/a> andis selge signaali, et rahvusvaheline \u00fcldsus tunnistas vajadust koost\u00f6\u00f6s kohaneda kliimamuutustega ja minna \u00fcle v\u00e4hese CO2-heitmega maailmale. Elektrifitseerimine on \u00fchiskondade dekarboniseerimise lahenduse oluline osa. Samas peab see protsess k\u00e4ima k\u00e4sik\u00e4es konkurentsiv\u00f5imelise elektrihinnaga ja usaldusv\u00e4\u00e4rse elektrivarustuse tagamisega kogu Euroopa energiaturul.<\/p>\n\n\n\n<p>Liit toetab p\u00fc\u00fcdlusi liikuda v\u00e4hese CO2-heitmega majanduse poole viisil, mis on keskkonna- ja majanduss\u00e4\u00e4stlik ja \u00fchiskondadele vastuv\u00f5etav. Oluline on teadmine, et EL energia- ja kliimapoliitika toetaks majanduste konkurentsiv\u00f5imet, edendades kasvuhoonegaaside heitkoguste kulut\u00f5husat v\u00e4hendamist.<\/p>\n\n\n\n<p>Elektritootmise CO2 v\u00e4hendamisel on v\u00e4\u00e4rtus peale elektrit\u00f6\u00f6stuse enda ka kogu energiasektorile. Puhta elektri kasutamine aitab energiat kasutavaid sektoreid nagu transport v\u00f5i p\u00f5llumajandus, mis eraldi \u00fcksinda ei suuda vajalikul tasemel s\u00fcsinikdioksiidi heitmeid v\u00e4hendada, oma heitkoguseid minimaliseerida. Puhtasse elektritootmisse ja \u00fcleminekut v\u00f5imaldavatesse lahendustesse investeerimine h\u00f5lbustab kulut\u00f5husat dekarboniseerimist, aidates samal ajal kaasa EL majanduse j\u00e4tkusuutlikule arengule konkurentsiv\u00f5imelise puhta elektri hinnaga ja h\u00f5lbustab seel\u00e4bi meie suutlikkust t\u00e4ita EL 2030. aasta kliimaeesm\u00e4rkide kava, mille eesm\u00e4rk on heitkoguste v\u00e4hendamine 55% v\u00f5rra v\u00f5rreldes 1990. aasta tasemega, v\u00f5rreldes varasema 40% heitkoguste v\u00e4hendamise eesm\u00e4rgiga.<\/p>\n","protected":false},"excerpt":{"rendered":"<p>Kliimamuutustega kohanemine on tegevus, mis n\u00f5uab kiiret koos tegutsemist rahvusvahelisel tasandil ning Liit teostab seda l\u00e4bi Euroopa elektrit\u00f6\u00f6stuste liidu EURELECTRIC. Dekarboniseerimine on maailmamajanduse pikaajalise j\u00e4tkusuutlikkuse tagamiseks oluline ja Liiduna oleme &#8230;<\/p>\n","protected":false},"author":1,"featured_media":853,"parent":331,"menu_order":0,"comment_status":"closed","ping_status":"closed","template":"","meta":{"_acf_changed":false,"footnotes":""},"class_list":["post-677","page","type-page","status-publish","has-post-thumbnail","hentry"],"acf":[],"_links":{"self":[{"href":"https:\/\/elektriliit.ee\/et\/wp-json\/wp\/v2\/pages\/677","targetHints":{"allow":["GET"]}}],"collection":[{"href":"https:\/\/elektriliit.ee\/et\/wp-json\/wp\/v2\/pages"}],"about":[{"href":"https:\/\/elektriliit.ee\/et\/wp-json\/wp\/v2\/types\/page"}],"author":[{"embeddable":true,"href":"https:\/\/elektriliit.ee\/et\/wp-json\/wp\/v2\/users\/1"}],"replies":[{"embeddable":true,"href":"https:\/\/elektriliit.ee\/et\/wp-json\/wp\/v2\/comments?post=677"}],"version-history":[{"count":13,"href":"https:\/\/elektriliit.ee\/et\/wp-json\/wp\/v2\/pages\/677\/revisions"}],"predecessor-version":[{"id":941,"href":"https:\/\/elektriliit.ee\/et\/wp-json\/wp\/v2\/pages\/677\/revisions\/941"}],"up":[{"embeddable":true,"href":"https:\/\/elektriliit.ee\/et\/wp-json\/wp\/v2\/pages\/331"}],"wp:featuredmedia":[{"embeddable":true,"href":"https:\/\/elektriliit.ee\/et\/wp-json\/wp\/v2\/media\/853"}],"wp:attachment":[{"href":"https:\/\/elektriliit.ee\/et\/wp-json\/wp\/v2\/media?parent=677"}],"curies":[{"name":"wp","href":"https:\/\/api.w.org\/{rel}","templated":true}]}}