{"id":681,"date":"2023-09-22T13:30:54","date_gmt":"2023-09-22T13:30:54","guid":{"rendered":"https:\/\/elektriliit.ee\/et\/?page_id=681"},"modified":"2023-10-31T13:50:04","modified_gmt":"2023-10-31T13:50:04","slug":"turud","status":"publish","type":"page","link":"https:\/\/elektriliit.ee\/et\/poliitikavaldkonnad\/turud\/","title":{"rendered":"Elektriturg"},"content":{"rendered":"\n<p>Kiire liikumine t\u00e4ielikult konkurentsiv\u00f5imelisele integreeritud elektri hulgim\u00fc\u00fcgiturule on \u00fclimalt oluline asjaolu elektrit\u00f6\u00f6stuse kohustusele muutuda s\u00fcsinikuneutraalseks enne 2050. aastat. Miks? Sest turud on parimad vahendid kogu protsessi kuluefektiivsuse tagamiseks.<\/p>\n\n\n\n<p>Sinna j\u00f5udmiseks on aga vaja turge, mis on ka majanduslikult otstarbekohased \u2013 turud, mis on kohandatud kiiresti kasvava juhitamatu taastuvenergia osakaalu jaoks, nagu tuule- ja p\u00e4ikeseenergia. Seet\u00f5ttu peaksid turud hindama mitte ainult paindlikkust, vaid ka s\u00fcsteemi piisavust. Samuti tuleks turud paremini integreerida elektri tootmisv\u00f5imsuste puuduj\u00e4\u00e4gi puhuks ja tuleks piirata m\u00f5juanal\u00fc\u00fcsideta poliitiliste sekkumise v\u00f5imalust kriisides. Kahjuks vastab puhta energia paketi ja EL turusuuniste rakendamine sellele eesm\u00e4rgile vaid osaliselt. See tagab k\u00fcll piirkondliku l\u00e4henemisviisi s\u00fcsteemi toimimisele, paremad \u00fcleeuroopalised piisavuse hindamised ja elektritaristu t\u00f5husama kasutamise, kuid ei ole piisav, seet\u00f5ttu annab Liit oma osa elektriturgude disaini reformimisel ja teeb tihedat koost\u00f6\u00f6d Eurelectricuga.<\/p>\n\n\n\n<p>Lisaks turukujundusele on elektrisektori investeerimiskindlus otsustava t\u00e4htsusega. T\u00e4nasest kuni 2030. aastani on vaja umbes 100 miljardit eurot aastas keskkonnas\u00e4\u00e4stlikuks tootmiseks ja j\u00e4tkusuutlikuks salvestamiseks, lisaks 35 miljardit eurot aastas elektri jaotusv\u00f5rkudele Euroopas. Elektrit\u00f6\u00f6stus on valmis nendes investeeringutes juhtrolli kandma eeldusel, et turukujundus tekitab \u00f5iguskindlust ning regulatiivne raamistik ja energiapoliitika (sealhulgas j\u00e4tkusuutlik rahastamine) on pikaajaliselt paigas, alles siis tekib eeldus vajalikeks investeeringuteks s\u00fcsinikuneutraalsuse saavutamiseks EL 2050. aastaks.<\/p>\n\n\n\n<p>Elektrifitseerimine on kahtlemata Euroopa s\u00fcsinikdioksiidiheitme v\u00e4hendamise lahendus number \u00fcks, mida saab kasutada \u00fcha suurema hulga transpordi- ja k\u00fctte-\/jahutuslahenduste puhul (Miks? Vaata <a href=\"https:\/\/elektriliit.ee\/et\/poliitikavaldkonnad\/elektrifitseerimine\/\" data-type=\"page\" data-id=\"679\">siit<\/a>). Kui aga otsene elektrifitseerimine ei ole veel teostatav ega t\u00f5hus, annab elektrit\u00f6\u00f6stus oma panuse ka energias\u00fcsteemide integreerimise arutellu, pakkudes t\u00f6\u00f6tavaid lahendusi puhta elektri muundamiseks teistesse sektoritesse.<\/p>\n\n\n\n<p>Viimaseks, kuid mitte v\u00e4hemt\u00e4htsaks, on ka eesm\u00e4rk tagada j\u00e4tkuv arusaam tegevusteks, et Euroopa energiaturud vajavad EL uute finantsregulatsiooni ettepanekute (MiFID\/R, REMIT, EMIR, MAD\/R ja CRD) alusel asjakohastamist.<\/p>\n","protected":false},"excerpt":{"rendered":"<p>Kiire liikumine t\u00e4ielikult konkurentsiv\u00f5imelisele integreeritud elektri hulgim\u00fc\u00fcgiturule on \u00fclimalt oluline asjaolu elektrit\u00f6\u00f6stuse kohustusele muutuda s\u00fcsinikuneutraalseks enne 2050. aastat. Miks? Sest turud on parimad vahendid kogu protsessi kuluefektiivsuse tagamiseks. Sinna j\u00f5udmiseks &#8230;<\/p>\n","protected":false},"author":1,"featured_media":859,"parent":331,"menu_order":0,"comment_status":"closed","ping_status":"closed","template":"","meta":{"_acf_changed":false,"footnotes":""},"class_list":["post-681","page","type-page","status-publish","has-post-thumbnail","hentry"],"acf":[],"_links":{"self":[{"href":"https:\/\/elektriliit.ee\/et\/wp-json\/wp\/v2\/pages\/681","targetHints":{"allow":["GET"]}}],"collection":[{"href":"https:\/\/elektriliit.ee\/et\/wp-json\/wp\/v2\/pages"}],"about":[{"href":"https:\/\/elektriliit.ee\/et\/wp-json\/wp\/v2\/types\/page"}],"author":[{"embeddable":true,"href":"https:\/\/elektriliit.ee\/et\/wp-json\/wp\/v2\/users\/1"}],"replies":[{"embeddable":true,"href":"https:\/\/elektriliit.ee\/et\/wp-json\/wp\/v2\/comments?post=681"}],"version-history":[{"count":6,"href":"https:\/\/elektriliit.ee\/et\/wp-json\/wp\/v2\/pages\/681\/revisions"}],"predecessor-version":[{"id":930,"href":"https:\/\/elektriliit.ee\/et\/wp-json\/wp\/v2\/pages\/681\/revisions\/930"}],"up":[{"embeddable":true,"href":"https:\/\/elektriliit.ee\/et\/wp-json\/wp\/v2\/pages\/331"}],"wp:featuredmedia":[{"embeddable":true,"href":"https:\/\/elektriliit.ee\/et\/wp-json\/wp\/v2\/media\/859"}],"wp:attachment":[{"href":"https:\/\/elektriliit.ee\/et\/wp-json\/wp\/v2\/media?parent=681"}],"curies":[{"name":"wp","href":"https:\/\/api.w.org\/{rel}","templated":true}]}}