{"id":683,"date":"2023-09-22T13:31:08","date_gmt":"2023-09-22T13:31:08","guid":{"rendered":"https:\/\/elektriliit.ee\/et\/?page_id=683"},"modified":"2023-10-31T13:49:44","modified_gmt":"2023-10-31T13:49:44","slug":"tarbijad","status":"publish","type":"page","link":"https:\/\/elektriliit.ee\/et\/poliitikavaldkonnad\/tarbijad\/","title":{"rendered":"Tarbijad"},"content":{"rendered":"\n<p><strong>Tarbijad <\/strong>on t\u00e4nap\u00e4eva elektriturul v\u00f5tmeisikud. Nende aktiivne tegutsemine t\u00e4hendab t\u00f5husat arengut uuenduslikuma, detsentraliseerituma ja s\u00fcsinikdioksiidivabama elektris\u00fcsteemi suunas.<\/p>\n\n\n\n<p>Areneval elektriturul ei ole tarbijad enam passiivsed elektri kasutajad. Nad saavad kasu mitmesugustest uuenduslikest toodetest ja teenustest, sealhulgas energiat\u00f5hususest, tarbimise juhtimisest, kodusest energiahaldusest, salvestamisest ja elektrilisest mobiilsusest. Samuti saavad tarbijad soovi korral ise elektrit toota ja m\u00fc\u00fca.<\/p>\n\n\n\n<p>Selliseid turge reguleerivad p\u00f5him\u00f5tted peaksid olema samad, mis k\u00f5igi teiste turgude puhul. Tarbijad peaksid saama teha teadliku valiku erinevate pakkumiste hulgast ja olema kaitstud teiste tarbijate ebaausate tegevuste eest. See valik peaks olema tagatud k\u00f5ikjal, kus tarnijad ja muud teenusepakkujad (ESCO-d, agregaatorid, kohalikud energia\u00fchistud jne) saavad turul tegutseda ja konkureerida v\u00f5rdsetel tingimustel, et vastata tarbijate erinevatele ootustele ning arendada uusi tooteid ja teenuseid.<\/p>\n\n\n\n<p>Lisaks h\u00e4sti l\u00e4bim\u00f5eldud ja konkurentsiv\u00f5imeliste jaem\u00fc\u00fcgiturgude rakendamisele on elektrit\u00f6\u00f6stus aktiivselt kaasatud tarbijaprobleemide lahendamisele. Sellised valdkonnad nagu turundus ja lepingute s\u00f5lmimine ning ka arveldamine, klienditeenindus, tarnija vahetamine ning vaidluste lahendamine on k\u00f5ik \u00fcliolulised tagamaks olukorda, et tarbijad tunneksid end elektriteenuse pakkujaga suheldes kindlalt ja kaitstud.<\/p>\n\n\n\n<p>Elektrit\u00f6\u00f6stuse eesm\u00e4rk on tagada, et regulatiivne raamistik v\u00f5imaldaks tarbijatel saada kasu uuenduslikest pakkumistest, \u00f5iglastest hindadest, l\u00e4bipaistvatest arvetest ja erapooletutest vaidluste lahendamise mehhanismidest, ning tagame k\u00fcberjulgeoleku, et nende tarbimisandmed on kaitstud ja turvalised.<\/p>\n","protected":false},"excerpt":{"rendered":"<p>Tarbijad on t\u00e4nap\u00e4eva elektriturul v\u00f5tmeisikud. Nende aktiivne tegutsemine t\u00e4hendab t\u00f5husat arengut uuenduslikuma, detsentraliseerituma ja s\u00fcsinikdioksiidivabama elektris\u00fcsteemi suunas. Areneval elektriturul ei ole tarbijad enam passiivsed elektri kasutajad. Nad saavad kasu mitmesugustest &#8230;<\/p>\n","protected":false},"author":1,"featured_media":861,"parent":331,"menu_order":0,"comment_status":"closed","ping_status":"closed","template":"","meta":{"_acf_changed":false,"footnotes":""},"class_list":["post-683","page","type-page","status-publish","has-post-thumbnail","hentry"],"acf":[],"_links":{"self":[{"href":"https:\/\/elektriliit.ee\/et\/wp-json\/wp\/v2\/pages\/683","targetHints":{"allow":["GET"]}}],"collection":[{"href":"https:\/\/elektriliit.ee\/et\/wp-json\/wp\/v2\/pages"}],"about":[{"href":"https:\/\/elektriliit.ee\/et\/wp-json\/wp\/v2\/types\/page"}],"author":[{"embeddable":true,"href":"https:\/\/elektriliit.ee\/et\/wp-json\/wp\/v2\/users\/1"}],"replies":[{"embeddable":true,"href":"https:\/\/elektriliit.ee\/et\/wp-json\/wp\/v2\/comments?post=683"}],"version-history":[{"count":7,"href":"https:\/\/elektriliit.ee\/et\/wp-json\/wp\/v2\/pages\/683\/revisions"}],"predecessor-version":[{"id":929,"href":"https:\/\/elektriliit.ee\/et\/wp-json\/wp\/v2\/pages\/683\/revisions\/929"}],"up":[{"embeddable":true,"href":"https:\/\/elektriliit.ee\/et\/wp-json\/wp\/v2\/pages\/331"}],"wp:featuredmedia":[{"embeddable":true,"href":"https:\/\/elektriliit.ee\/et\/wp-json\/wp\/v2\/media\/861"}],"wp:attachment":[{"href":"https:\/\/elektriliit.ee\/et\/wp-json\/wp\/v2\/media?parent=683"}],"curies":[{"name":"wp","href":"https:\/\/api.w.org\/{rel}","templated":true}]}}