{"id":685,"date":"2023-09-22T13:31:21","date_gmt":"2023-09-22T13:31:21","guid":{"rendered":"https:\/\/elektriliit.ee\/et\/?page_id=685"},"modified":"2023-10-31T13:47:26","modified_gmt":"2023-10-31T13:47:26","slug":"toitejaotus","status":"publish","type":"page","link":"https:\/\/elektriliit.ee\/et\/poliitikavaldkonnad\/toitejaotus\/","title":{"rendered":"Elektriv\u00f5rgud"},"content":{"rendered":"\n<p>Elektriv\u00f5rgu selgroo moodustavad <strong>jaotusv\u00f5rguettev\u00f5tjad<\/strong> (DSO-d), kes tagavad elektrienergia olemasolu meie majapidamistes ja t\u00f6\u00f6stustes. <\/p>\n\n\n\n<p>Kuna energia\u00fcleminek<strong> <\/strong>toimub hetkel t\u00e4ie hooga, pakub just neutraalne turgu h\u00f5lbustav jaotusv\u00f5rk platvormi, kus meie energias\u00fcsteemi uued osalised saavad tegutseda. Elektris\u00fcsteemi s\u00fcsinikdioksiidiheitme v\u00e4hendamine n\u00f5uab l\u00e4hiajal \u00fcha suuremat taastuvenergia tootmisv\u00f5imsuste olemasolu, mis tuleb suuta integreerida olemasolevatesse elektriv\u00f5rkudesse. Elektris\u00f5idukite kasutuselev\u00f5tul on otsene m\u00f5ju ka kohalike elektriv\u00f5rkude terviklikkusele ning jaotusv\u00f5rguettev\u00f5tjad t\u00f6\u00f6tavad v\u00e4lja lahendusi, mis h\u00f5lbustavad \u00fcleminekut elektritranspordile. Paralleelselt investeerivad jaotusv\u00f5rguettev\u00f5tjad ka oma v\u00f5rkude uuendamisse ja 21. sajandi v\u00e4ljakutsetele vastavaks muutmisse. Uusi tehnoloogiaid, nagu nutiarvestid parandavad elektriarvete selgust ja esitamise kiirust ning v\u00f5imaldab jaotusv\u00f5rguettev\u00f5tjatel oma elektriv\u00f5rke t\u00f5husamalt kasutada. Samal ajal peavad elektri jaotusv\u00f5rguettev\u00f5tjad v\u00e4lja t\u00f6\u00f6tama lahendused oma v\u00f5rkude ja s\u00fcsteemide kaitsmiseks k\u00fcberr\u00fcnnakute eest.<\/p>\n\n\n\n<p>Samuti tagab elektrit\u00f6\u00f6stus, et elektri jaotusv\u00f5rguettev\u00f5tjate seisukohti v\u00f5etakse arvesse Euroopas uue universaalse reeglistiku \u2013 v\u00f5rgueeskirjade \u2013 koostamisel ja rakendamisel. Meie p\u00f5hi\u00fclesanne on kindlustada jaotusv\u00f5rguettev\u00f5tjatele pikaajaline regulatsioon investeeringute tegemiseks ja tarbijatele tagada ohutu, kindel ja usaldusv\u00e4\u00e4rne elektrivarustus.<\/p>\n","protected":false},"excerpt":{"rendered":"<p>Elektriv\u00f5rgu selgroo moodustavad jaotusv\u00f5rguettev\u00f5tjad (DSO-d), kes tagavad elektrienergia olemasolu meie majapidamistes ja t\u00f6\u00f6stustes. Kuna energia\u00fcleminek toimub hetkel t\u00e4ie hooga, pakub just neutraalne turgu h\u00f5lbustav jaotusv\u00f5rk platvormi, kus meie energias\u00fcsteemi uued &#8230;<\/p>\n","protected":false},"author":1,"featured_media":864,"parent":331,"menu_order":0,"comment_status":"closed","ping_status":"closed","template":"","meta":{"_acf_changed":false,"footnotes":""},"class_list":["post-685","page","type-page","status-publish","has-post-thumbnail","hentry"],"acf":[],"_links":{"self":[{"href":"https:\/\/elektriliit.ee\/et\/wp-json\/wp\/v2\/pages\/685","targetHints":{"allow":["GET"]}}],"collection":[{"href":"https:\/\/elektriliit.ee\/et\/wp-json\/wp\/v2\/pages"}],"about":[{"href":"https:\/\/elektriliit.ee\/et\/wp-json\/wp\/v2\/types\/page"}],"author":[{"embeddable":true,"href":"https:\/\/elektriliit.ee\/et\/wp-json\/wp\/v2\/users\/1"}],"replies":[{"embeddable":true,"href":"https:\/\/elektriliit.ee\/et\/wp-json\/wp\/v2\/comments?post=685"}],"version-history":[{"count":5,"href":"https:\/\/elektriliit.ee\/et\/wp-json\/wp\/v2\/pages\/685\/revisions"}],"predecessor-version":[{"id":926,"href":"https:\/\/elektriliit.ee\/et\/wp-json\/wp\/v2\/pages\/685\/revisions\/926"}],"up":[{"embeddable":true,"href":"https:\/\/elektriliit.ee\/et\/wp-json\/wp\/v2\/pages\/331"}],"wp:featuredmedia":[{"embeddable":true,"href":"https:\/\/elektriliit.ee\/et\/wp-json\/wp\/v2\/media\/864"}],"wp:attachment":[{"href":"https:\/\/elektriliit.ee\/et\/wp-json\/wp\/v2\/media?parent=685"}],"curies":[{"name":"wp","href":"https:\/\/api.w.org\/{rel}","templated":true}]}}